{"id":34,"date":"2021-07-14T23:20:09","date_gmt":"2021-07-14T21:20:09","guid":{"rendered":"http:\/\/wtriathloniezycia.pl\/?page_id=34"},"modified":"2021-07-16T09:50:11","modified_gmt":"2021-07-16T07:50:11","slug":"o-mnie","status":"publish","type":"page","link":"https:\/\/wtriathloniezycia.pl\/?page_id=34","title":{"rendered":"O mnie"},"content":{"rendered":"\n<figure class=\"wp-block-image size-large is-resized is-style-rounded\"><img loading=\"lazy\" decoding=\"async\" src=\"http:\/\/wtriathloniezycia.pl\/wp-content\/uploads\/2021\/07\/IMG_7025-1024x768.jpeg\" alt=\"\" class=\"wp-image-46\" width=\"360\" height=\"270\" srcset=\"https:\/\/wtriathloniezycia.pl\/wp-content\/uploads\/2021\/07\/IMG_7025-1024x768.jpeg 1024w, https:\/\/wtriathloniezycia.pl\/wp-content\/uploads\/2021\/07\/IMG_7025-300x225.jpeg 300w, https:\/\/wtriathloniezycia.pl\/wp-content\/uploads\/2021\/07\/IMG_7025-768x576.jpeg 768w, https:\/\/wtriathloniezycia.pl\/wp-content\/uploads\/2021\/07\/IMG_7025-1536x1152.jpeg 1536w, https:\/\/wtriathloniezycia.pl\/wp-content\/uploads\/2021\/07\/IMG_7025-2048x1536.jpeg 2048w\" sizes=\"auto, (max-width: 360px) 100vw, 360px\" \/><\/figure>\n\n\n\n<p class=\"has-black-color has-text-color has-background has-normal-font-size\" style=\"background-color:#42708d\">Witaj, mam na imi\u0119 Jarek, mam 39 lat. Prywatnie jestem Tat\u0105, jak to dumnie brzmi :), dw\u00f3jki kochanych dzieci oraz m\u0119\u017cem cudownej kobiety, dzi\u0119ki kt\u00f3rej mam mo\u017cliwo\u015b\u0107 realizowania si\u0119 na r\u00f3\u017cnych polach. Zawodowo jestem urz\u0119dnikiem.<\/p>\n\n\n\n<p class=\"has-black-color has-text-color has-background has-normal-font-size\" style=\"background-color:#42708d\">Jeszcze nie tak dawno temu, kilka lat wstecz, by\u0142em raczej typowym &#8222;kanapowcem&#8221;, kt\u00f3remu czas przecieka\u0142 przez palce. Obecnie, my\u015bl\u0119 \u017ce mog\u0119 tak o sobie napisa\u0107 jestem triathlonist\u0105. Tym \u017cyj\u0119, to mnie nap\u0119dza i daje impulsy do eksploracji coraz to nowych obszar\u00f3w.<\/p>\n\n\n\n<p class=\"has-black-color has-text-color has-background has-normal-font-size\" style=\"background-color:#42708d\">W moim przypadku znakomicie sprawdza si\u0119 powiedzenie: Jedn\u0105 sta\u0142\u0105 jest zmiana. To fakt, ja ca\u0142y czas potrzebuj\u0119 celu, kt\u00f3ry si\u0119 zmienia w zale\u017cno\u015bci od etapu \u017cycia. Cele by\u0142y r\u00f3\u017cne najpierw naukowe, a teraz sportowe. Triathlon, a raczej trening sta\u0142 si\u0119 moim stylem \u017cycia. Od niego rozpoczynam planowanie ka\u017cdego nast\u0119pnego dnia, co pozwala mi te\u017c maksymalnie go wykorzysta\u0107, wnosi organizacj\u0119 na inny pu\u0142ap i daje mo\u017cliwo\u015b\u0107 najefektywniejszego sp\u0119dzenia czasu. O tym w\u0142a\u015bnie b\u0119d\u0119 g\u0142\u00f3wnie pisa\u0142 na tym blogu. O mojej codziennej &#8222;walce&#8221; by jak najwi\u0119cej wycisn\u0105\u0107 z ka\u017cdego dnia, by m\u00f3c si\u0119 realizowa\u0107 jako m\u0105\u017c i Tata, pracownik oraz triathlonista.  <\/p>\n\n\n\n<p class=\"has-black-color has-text-color has-background has-normal-font-size\" style=\"background-color:#42708d\">Poza tym, chc\u0119 by ten blog, o ile b\u0119dzie kto\u015b go czyta\u0142 ;), sta\u0142 si\u0119 inspiracj\u0105 do rozpocz\u0119cia d\u0142ugotrwa\u0142ego i ci\u0105g\u0142ego procesu zmiany, walki o innego, lepszego siebie, co te\u017c prze\u0142o\u017cy si\u0119 na Nasze codzienne funkcjonowanie i podniesie komfort \u017cycia. Podniesie limity jeszcze wy\u017cej, bo tak naprawd\u0119 \u0142a\u0144cuchy i kajdany nak\u0142adamy sobie sami. Mi si\u0119 uda\u0142o poprawi\u0107 jako\u015b\u0107 i komfort \u017cycia, wi\u0119c mo\u017ce innym te\u017c si\u0119 uda.<\/p>\n","protected":false},"excerpt":{"rendered":"<p>Witaj, mam na imi\u0119 Jarek, mam 39 lat. Prywatnie jestem Tat\u0105, jak to dumnie brzmi :), dw\u00f3jki kochanych dzieci oraz m\u0119\u017cem cudownej kobiety, dzi\u0119ki kt\u00f3rej mam mo\u017cliwo\u015b\u0107 realizowania si\u0119 na r\u00f3\u017cnych polach. Zawodowo jestem urz\u0119dnikiem. Jeszcze nie tak dawno temu, kilka lat wstecz, by\u0142em raczej typowym &#8222;kanapowcem&#8221;, kt\u00f3remu czas przecieka\u0142 przez palce. Obecnie, my\u015bl\u0119 \u017ce&#8230;<\/p>\n","protected":false},"author":1,"featured_media":46,"parent":0,"menu_order":0,"comment_status":"closed","ping_status":"closed","template":"","meta":{"footnotes":""},"class_list":["post-34","page","type-page","status-publish","has-post-thumbnail","hentry"],"_links":{"self":[{"href":"https:\/\/wtriathloniezycia.pl\/index.php?rest_route=\/wp\/v2\/pages\/34","targetHints":{"allow":["GET"]}}],"collection":[{"href":"https:\/\/wtriathloniezycia.pl\/index.php?rest_route=\/wp\/v2\/pages"}],"about":[{"href":"https:\/\/wtriathloniezycia.pl\/index.php?rest_route=\/wp\/v2\/types\/page"}],"author":[{"embeddable":true,"href":"https:\/\/wtriathloniezycia.pl\/index.php?rest_route=\/wp\/v2\/users\/1"}],"replies":[{"embeddable":true,"href":"https:\/\/wtriathloniezycia.pl\/index.php?rest_route=%2Fwp%2Fv2%2Fcomments&post=34"}],"version-history":[{"count":8,"href":"https:\/\/wtriathloniezycia.pl\/index.php?rest_route=\/wp\/v2\/pages\/34\/revisions"}],"predecessor-version":[{"id":79,"href":"https:\/\/wtriathloniezycia.pl\/index.php?rest_route=\/wp\/v2\/pages\/34\/revisions\/79"}],"wp:featuredmedia":[{"embeddable":true,"href":"https:\/\/wtriathloniezycia.pl\/index.php?rest_route=\/wp\/v2\/media\/46"}],"wp:attachment":[{"href":"https:\/\/wtriathloniezycia.pl\/index.php?rest_route=%2Fwp%2Fv2%2Fmedia&parent=34"}],"curies":[{"name":"wp","href":"https:\/\/api.w.org\/{rel}","templated":true}]}}